{"id":1130,"date":"2014-08-26T21:20:45","date_gmt":"2014-08-26T19:20:45","guid":{"rendered":"http:\/\/freebook.fernglas-astronomie.de\/?page_id=1130"},"modified":"2014-08-26T21:20:45","modified_gmt":"2014-08-26T19:20:45","slug":"double-and-multiple-stars","status":"publish","type":"page","link":"http:\/\/freebook.fernglas-astronomie.de\/?page_id=1130","title":{"rendered":"Double and Multiple Stars"},"content":{"rendered":"<p>About half to two-thirds of all stars are multiple stars, in which two or more stars orbit around a common center. The numbers are still uncertain since there are also optical binary stars in addition to these physical double stars \u2013 they are two separate, distant stars coincidentally seen from Earth in the same line of sight.<\/p>\n<figure id=\"attachment_223\" class=\"wp-caption aligncenter\" style=\"width: 400px;\"><a href=\"http:\/\/freebook.fernglas-astronomie.de\/wp-content\/uploads\/2014\/04\/Albireo_bunt.jpg\"><img loading=\"lazy\" decoding=\"async\" class=\"size-full wp-image-223\" src=\"http:\/\/freebook.fernglas-astronomie.de\/wp-content\/uploads\/2014\/04\/Albireo_bunt.jpg\" alt=\"Albireo im Schwan (\u03b2 Cygni) geh\u00f6rt zu den bekanntesten Doppelsternen. Der Farbkontrast (gelb und blau) wird deutlicher, wenn das Bild leicht unscharf oder h\u00f6her vergr\u00f6\u00dfert ist (Inset).\" width=\"400\" height=\"266\" srcset=\"http:\/\/freebook.fernglas-astronomie.de\/wp-content\/uploads\/2014\/04\/Albireo_bunt.jpg 400w, http:\/\/freebook.fernglas-astronomie.de\/wp-content\/uploads\/2014\/04\/Albireo_bunt-300x199.jpg 300w\" sizes=\"auto, (max-width: 400px) 100vw, 400px\" \/><\/a><figcaption class=\"wp-caption-text\">Albireo (Beta Cygni) in Cygnus is one the prettiest double stars. The color contrast (yellow and blue) is more obvious at the higher magnification of a telescope (see inset).<br \/>\n<\/figcaption><\/figure>\n<p>You can tell whether it is an optical or a physical double star either by measuring the distances of the two stars or by measuring their position to each other over a long period of time \u2013 physical double stars orbit each other, but a round may take a few millennia, and one has to rely on a stable telescope in order to make accurate measurements. Also, the distance between two stars, which changes during a circling, can be determined only with a micrometer or photographically. However, the distance can vary so much that the stars at their closest position can no longer be separated, while they are well separated from each other when their distance is at the maximum. Double stars with known distances can also be used to test the resolution of your scope. For this, the stars should be about the same brightness. Stars with very different levels of brightness are more difficult to separate, because one star can easily outshine the other.<\/p>\n<p>It is worthwhile to keep an eye not only on the brightness difference between the members of a pair, but also on the color differences.<\/p>\n<p><em>Spectroscopic binary stars<\/em> are very close pairs of stars that cannot be observed directly. They look like ordinary stars and can be detected only with special equipment which measures changes in the stellar spectra. These stars have very high orbital velocities because they are very close to each other.<\/p>\n","protected":false},"excerpt":{"rendered":"<p>About half to two-thirds of all stars are multiple stars, in which two or more stars orbit around a common center. The numbers are still uncertain since there are also optical binary stars in addition to these physical double stars \u2013 they are two separate, distant stars coincidentally seen from Earth in the same line &hellip; <a href=\"http:\/\/freebook.fernglas-astronomie.de\/?page_id=1130\" class=\"more-link\"><span class=\"screen-reader-text\">Double and Multiple Stars<\/span> weiterlesen <span class=\"meta-nav\">&rarr;<\/span><\/a><\/p>\n","protected":false},"author":1,"featured_media":0,"parent":1128,"menu_order":0,"comment_status":"closed","ping_status":"closed","template":"","meta":{"footnotes":""},"class_list":["post-1130","page","type-page","status-publish","hentry"],"_links":{"self":[{"href":"http:\/\/freebook.fernglas-astronomie.de\/index.php?rest_route=\/wp\/v2\/pages\/1130","targetHints":{"allow":["GET"]}}],"collection":[{"href":"http:\/\/freebook.fernglas-astronomie.de\/index.php?rest_route=\/wp\/v2\/pages"}],"about":[{"href":"http:\/\/freebook.fernglas-astronomie.de\/index.php?rest_route=\/wp\/v2\/types\/page"}],"author":[{"embeddable":true,"href":"http:\/\/freebook.fernglas-astronomie.de\/index.php?rest_route=\/wp\/v2\/users\/1"}],"replies":[{"embeddable":true,"href":"http:\/\/freebook.fernglas-astronomie.de\/index.php?rest_route=%2Fwp%2Fv2%2Fcomments&post=1130"}],"version-history":[{"count":1,"href":"http:\/\/freebook.fernglas-astronomie.de\/index.php?rest_route=\/wp\/v2\/pages\/1130\/revisions"}],"predecessor-version":[{"id":1134,"href":"http:\/\/freebook.fernglas-astronomie.de\/index.php?rest_route=\/wp\/v2\/pages\/1130\/revisions\/1134"}],"up":[{"embeddable":true,"href":"http:\/\/freebook.fernglas-astronomie.de\/index.php?rest_route=\/wp\/v2\/pages\/1128"}],"wp:attachment":[{"href":"http:\/\/freebook.fernglas-astronomie.de\/index.php?rest_route=%2Fwp%2Fv2%2Fmedia&parent=1130"}],"curies":[{"name":"wp","href":"https:\/\/api.w.org\/{rel}","templated":true}]}}