{"id":111,"date":"2014-04-13T13:08:32","date_gmt":"2014-04-13T11:08:32","guid":{"rendered":"http:\/\/freebook.fernglas-astronomie.de\/?page_id=111"},"modified":"2014-04-17T10:25:09","modified_gmt":"2014-04-17T08:25:09","slug":"g-mare-nubium","status":"publish","type":"page","link":"http:\/\/freebook.fernglas-astronomie.de\/?page_id=111","title":{"rendered":"G) Mare Nubium"},"content":{"rendered":"<p>Das \u201eMeer der Wolken\u201c ist eine sehr dunkle Lavafl\u00e4che. Erst bei h\u00f6herer Vergr\u00f6\u00dferung werden viele Falten und Krater in ihr deutlich. Wenn der Mond acht Tage alt ist, l\u00e4sst sich eventuell der Schatten der 96 km langen \u201eRupes Recta\u201c erkennen. Bei dieser \u201elangen Wand\u201c handelt es sich um eine Verwerfung, deren Abh\u00e4nge bis zu 40 Grad steil sind.<\/p>\n","protected":false},"excerpt":{"rendered":"<p>Das \u201eMeer der Wolken\u201c ist eine sehr dunkle Lavafl\u00e4che. Erst bei h\u00f6herer Vergr\u00f6\u00dferung werden viele Falten und Krater in ihr deutlich. Wenn der Mond acht Tage alt ist, l\u00e4sst sich eventuell der Schatten der 96 km langen \u201eRupes Recta\u201c erkennen. Bei dieser \u201elangen Wand\u201c handelt es sich um eine Verwerfung, deren Abh\u00e4nge bis zu 40 &hellip; <a href=\"http:\/\/freebook.fernglas-astronomie.de\/?page_id=111\" class=\"more-link\"><span class=\"screen-reader-text\">G) Mare Nubium<\/span> weiterlesen <span class=\"meta-nav\">&rarr;<\/span><\/a><\/p>\n","protected":false},"author":1,"featured_media":0,"parent":97,"menu_order":0,"comment_status":"closed","ping_status":"closed","template":"","meta":{"footnotes":""},"class_list":["post-111","page","type-page","status-publish","hentry"],"_links":{"self":[{"href":"http:\/\/freebook.fernglas-astronomie.de\/index.php?rest_route=\/wp\/v2\/pages\/111","targetHints":{"allow":["GET"]}}],"collection":[{"href":"http:\/\/freebook.fernglas-astronomie.de\/index.php?rest_route=\/wp\/v2\/pages"}],"about":[{"href":"http:\/\/freebook.fernglas-astronomie.de\/index.php?rest_route=\/wp\/v2\/types\/page"}],"author":[{"embeddable":true,"href":"http:\/\/freebook.fernglas-astronomie.de\/index.php?rest_route=\/wp\/v2\/users\/1"}],"replies":[{"embeddable":true,"href":"http:\/\/freebook.fernglas-astronomie.de\/index.php?rest_route=%2Fwp%2Fv2%2Fcomments&post=111"}],"version-history":[{"count":1,"href":"http:\/\/freebook.fernglas-astronomie.de\/index.php?rest_route=\/wp\/v2\/pages\/111\/revisions"}],"predecessor-version":[{"id":112,"href":"http:\/\/freebook.fernglas-astronomie.de\/index.php?rest_route=\/wp\/v2\/pages\/111\/revisions\/112"}],"up":[{"embeddable":true,"href":"http:\/\/freebook.fernglas-astronomie.de\/index.php?rest_route=\/wp\/v2\/pages\/97"}],"wp:attachment":[{"href":"http:\/\/freebook.fernglas-astronomie.de\/index.php?rest_route=%2Fwp%2Fv2%2Fmedia&parent=111"}],"curies":[{"name":"wp","href":"https:\/\/api.w.org\/{rel}","templated":true}]}}