{"id":107,"date":"2014-04-13T13:07:47","date_gmt":"2014-04-13T11:07:47","guid":{"rendered":"http:\/\/freebook.fernglas-astronomie.de\/?page_id=107"},"modified":"2014-04-17T10:24:53","modified_gmt":"2014-04-17T08:24:53","slug":"e-mare-imbrium","status":"publish","type":"page","link":"http:\/\/freebook.fernglas-astronomie.de\/?page_id=107","title":{"rendered":"E) Mare Imbrium"},"content":{"rendered":"<p>Das 1250 km gro\u00dfe \u201eRegenmeer\u201c l\u00e4sst noch deutlich seinen Ursprung in einem Meteoriteneinschlag erkennen. Im S\u00fcden geht es in den Oceanus Procellarum \u00fcber, der Nordrand wird durch Gebirgsketten markiert. Neben verschiedenen Lavastr\u00f6men enth\u00e4lt es auch gr\u00f6\u00dfere Krater wie Archimedes (83\u00a0km) und Eratosthenes (58\u00a0km).<\/p>\n","protected":false},"excerpt":{"rendered":"<p>Das 1250 km gro\u00dfe \u201eRegenmeer\u201c l\u00e4sst noch deutlich seinen Ursprung in einem Meteoriteneinschlag erkennen. Im S\u00fcden geht es in den Oceanus Procellarum \u00fcber, der Nordrand wird durch Gebirgsketten markiert. Neben verschiedenen Lavastr\u00f6men enth\u00e4lt es auch gr\u00f6\u00dfere Krater wie Archimedes (83\u00a0km) und Eratosthenes (58\u00a0km).<\/p>\n","protected":false},"author":1,"featured_media":0,"parent":97,"menu_order":0,"comment_status":"closed","ping_status":"closed","template":"","meta":{"footnotes":""},"class_list":["post-107","page","type-page","status-publish","hentry"],"_links":{"self":[{"href":"http:\/\/freebook.fernglas-astronomie.de\/index.php?rest_route=\/wp\/v2\/pages\/107","targetHints":{"allow":["GET"]}}],"collection":[{"href":"http:\/\/freebook.fernglas-astronomie.de\/index.php?rest_route=\/wp\/v2\/pages"}],"about":[{"href":"http:\/\/freebook.fernglas-astronomie.de\/index.php?rest_route=\/wp\/v2\/types\/page"}],"author":[{"embeddable":true,"href":"http:\/\/freebook.fernglas-astronomie.de\/index.php?rest_route=\/wp\/v2\/users\/1"}],"replies":[{"embeddable":true,"href":"http:\/\/freebook.fernglas-astronomie.de\/index.php?rest_route=%2Fwp%2Fv2%2Fcomments&post=107"}],"version-history":[{"count":1,"href":"http:\/\/freebook.fernglas-astronomie.de\/index.php?rest_route=\/wp\/v2\/pages\/107\/revisions"}],"predecessor-version":[{"id":108,"href":"http:\/\/freebook.fernglas-astronomie.de\/index.php?rest_route=\/wp\/v2\/pages\/107\/revisions\/108"}],"up":[{"embeddable":true,"href":"http:\/\/freebook.fernglas-astronomie.de\/index.php?rest_route=\/wp\/v2\/pages\/97"}],"wp:attachment":[{"href":"http:\/\/freebook.fernglas-astronomie.de\/index.php?rest_route=%2Fwp%2Fv2%2Fmedia&parent=107"}],"curies":[{"name":"wp","href":"https:\/\/api.w.org\/{rel}","templated":true}]}}