{"id":103,"date":"2014-04-13T13:07:04","date_gmt":"2014-04-13T11:07:04","guid":{"rendered":"http:\/\/freebook.fernglas-astronomie.de\/?page_id=103"},"modified":"2014-04-17T10:24:43","modified_gmt":"2014-04-17T08:24:43","slug":"c-mare-frigoris","status":"publish","type":"page","link":"http:\/\/freebook.fernglas-astronomie.de\/?page_id=103","title":{"rendered":"C) Mare Frigoris"},"content":{"rendered":"<p>N\u00f6rdlich der Mondalpen liegt das 1100\u2009\u00d7\u200970 km gro\u00dfe \u201eMeer der K\u00e4lte\u201c, das vermutlich aus einer Reihe kleinerer Krater entstanden ist, deren W\u00e4lle von Lava \u00fcberschwemmt wurden. Es wird von keinen Kratern aufgew\u00fchlt.<\/p>\n","protected":false},"excerpt":{"rendered":"<p>N\u00f6rdlich der Mondalpen liegt das 1100\u2009\u00d7\u200970 km gro\u00dfe \u201eMeer der K\u00e4lte\u201c, das vermutlich aus einer Reihe kleinerer Krater entstanden ist, deren W\u00e4lle von Lava \u00fcberschwemmt wurden. Es wird von keinen Kratern aufgew\u00fchlt.<\/p>\n","protected":false},"author":1,"featured_media":0,"parent":97,"menu_order":0,"comment_status":"closed","ping_status":"closed","template":"","meta":{"footnotes":""},"class_list":["post-103","page","type-page","status-publish","hentry"],"_links":{"self":[{"href":"http:\/\/freebook.fernglas-astronomie.de\/index.php?rest_route=\/wp\/v2\/pages\/103","targetHints":{"allow":["GET"]}}],"collection":[{"href":"http:\/\/freebook.fernglas-astronomie.de\/index.php?rest_route=\/wp\/v2\/pages"}],"about":[{"href":"http:\/\/freebook.fernglas-astronomie.de\/index.php?rest_route=\/wp\/v2\/types\/page"}],"author":[{"embeddable":true,"href":"http:\/\/freebook.fernglas-astronomie.de\/index.php?rest_route=\/wp\/v2\/users\/1"}],"replies":[{"embeddable":true,"href":"http:\/\/freebook.fernglas-astronomie.de\/index.php?rest_route=%2Fwp%2Fv2%2Fcomments&post=103"}],"version-history":[{"count":1,"href":"http:\/\/freebook.fernglas-astronomie.de\/index.php?rest_route=\/wp\/v2\/pages\/103\/revisions"}],"predecessor-version":[{"id":104,"href":"http:\/\/freebook.fernglas-astronomie.de\/index.php?rest_route=\/wp\/v2\/pages\/103\/revisions\/104"}],"up":[{"embeddable":true,"href":"http:\/\/freebook.fernglas-astronomie.de\/index.php?rest_route=\/wp\/v2\/pages\/97"}],"wp:attachment":[{"href":"http:\/\/freebook.fernglas-astronomie.de\/index.php?rest_route=%2Fwp%2Fv2%2Fmedia&parent=103"}],"curies":[{"name":"wp","href":"https:\/\/api.w.org\/{rel}","templated":true}]}}